{"id":367,"date":"2025-03-22T14:25:09","date_gmt":"2025-03-22T14:25:09","guid":{"rendered":"https:\/\/ergotherapie-lubmin.de\/?page_id=367"},"modified":"2025-04-29T18:48:54","modified_gmt":"2025-04-29T18:48:54","slug":"angebot-copy","status":"publish","type":"page","link":"https:\/\/ergotherapie-lubmin.de\/?page_id=367","title":{"rendered":"Praxis"},"content":{"rendered":"\n<h2>\n\t\tPraxis\n\t<\/h2>\n<h4>\n\t\t<u>Eingangsbereich<\/u>\n\t<\/h4>\n\tUnsere im Jahr 2009 gegr\u00fcndete Praxis befindet sich im <strong data-start=\"311\" data-end=\"347\">Schawi-Gesundheitszentrum Lubmin<\/strong>, in dem auch Praxen f\u00fcr Allgemeinmedizin, Physiotherapie und Logop\u00e4die zu finden sind. Sowohl der Eingangsbereich des Zentrums, als auch unsere Praxis sind <strong>barrierefrei <\/strong>zug\u00e4nglich.\nWir behandeln unsere Patienten auf 200 m\u00b2 Praxisfl\u00e4che, die in sechs spezialisierte Therapier\u00e4ume aufgeteilt ist.\n\n<h4>\n\t\t<br \/><br \/><br \/><u>Handwerksraum<\/u>\n\t<\/h4>\n\tHier k\u00f6nnen Patienten handwerklich und k\u00fcnstlerisch t\u00e4tig werden, um Feinmotorik, Handlungsplanung und Kreativit\u00e4t zu f\u00f6rdern.\n<p>Wir bieten zahlreiche Techniken an, darunter: Arbeiten mit Holz, Metall, Beton &amp; Gips, Flechten mit Peddigrohr, Filzen &amp; Weben, Seidenmalerei &amp; Leinwandgestaltung mit \u00d6l, Acryl &amp; Wachs.<\/p>\n<p>&nbsp;<\/p>\n<h4>\n\t\t<br \/><br \/><br \/><u>Bewegungsraum<\/u>\n\t<\/h4>\n\tIn diesem Raum trainieren unsere kleinen und gro\u00dfen Patienten ihre Beweglichkeit, Ausdauer, Kraft, Koordination und ihr Gleichgewicht.\n<p>Es kommen verschiedenste Therapiemittel zum Einsatz, wie z. B.: Kletterwand, B\u00e4llebad, Wasserschaukeln, Balancebrett &amp; Schlingentrainer.<\/p>\nAuch f\u00fcr Entspannungstechniken wie Autogenes Training oder Progressive Muskelentspannung wird dieser Raum genutzt.\n\n<h4>\n\t\t<br \/><br \/><br \/><u>Hand Therapieraum<\/u>\n\t<\/h4>\n\tHier behandeln wir Patienten mit Fehlbildungen, Erkrankungen oder Verletzungen der Hand bzw. oberen Extremit\u00e4t.<br \/>\nNeben manuellen Therapieans\u00e4tzen nutzen wir hierf\u00fcr thermische Hand- &amp; Paraffinb\u00e4der, Schallwellenbehandlung, Arm-\/Hand-\/Fingertrainer oder Therapieknete.\n\n<h4>\n\t\t<br \/><br \/><br \/><u>Therapieraum f\u00fcr kognitives Training<\/u>\n\t<\/h4>\n\tHier f\u00f6rdern und fordern wir die kognitiven F\u00e4higkeiten unserer Patienten, die durch neurologische oder psychische Erkrankungen Einschr\u00e4nkungen in Aufmerksamkeit, Konzentration und Merkf\u00e4higkeit haben. Wir nutzen dazu: Therapiespiele, Arbeitshefte, digitale Programme.\n\n<h4>\n\t\t<br \/><br \/><br \/><u>Entspannungs- &#038; Massageraum<\/u>\n\t<\/h4>\n\tHier bieten wir unseren Patienten entspannende Behandlungen wie: Triggerpunktbehandlungen, Faszien- &amp; Schr\u00f6pfmassagen, Aromatherapie mit \u00e4therischen \u00d6len oder Hot-Stone-Massage.\n\n<h4>\n\t\t<br \/><br \/><br \/><u>Therapiek\u00fcche<\/u>\n\t<\/h4>\n\tIn unserer Therapiek\u00fcche unterst\u00fctzen wir Patienten mit Einschr\u00e4nkungen in der Selbstversorgung, insbesondere bei der Nahrungszubereitung und -aufnahme, z. B. durch halbseitige L\u00e4hmung oder Handverletzungen.\nWir arbeiten dabei mit verschiedenen therapeutischen Hilfsmitteln, um die selbstst\u00e4ndige Haushaltsf\u00fchrung zu trainieren.\n\n\n","protected":false},"excerpt":{"rendered":"<p>Praxis Eingangsbereich Unsere im Jahr 2009 gegr\u00fcndete Praxis befindet sich im Schawi-Gesundheitszentrum Lubmin, in dem auch Praxen f\u00fcr Allgemeinmedizin, Physiotherapie [&hellip;]<\/p>\n","protected":false},"author":1,"featured_media":0,"parent":0,"menu_order":0,"comment_status":"closed","ping_status":"closed","template":"","meta":{"site-sidebar-layout":"no-sidebar","site-content-layout":"page-builder","ast-site-content-layout":"default","site-content-style":"default","site-sidebar-style":"default","ast-global-header-display":"","ast-banner-title-visibility":"","ast-main-header-display":"","ast-hfb-above-header-display":"","ast-hfb-below-header-display":"","ast-hfb-mobile-header-display":"","site-post-title":"disabled","ast-breadcrumbs-content":"","ast-featured-img":"disabled","footer-sml-layout":"","theme-transparent-header-meta":"","adv-header-id-meta":"","stick-header-meta":"","header-above-stick-meta":"","header-main-stick-meta":"","header-below-stick-meta":"","astra-migrate-meta-layouts":"default","ast-page-background-enabled":"default","ast-page-background-meta":{"desktop":{"background-color":"var(--ast-global-color-5)","background-image":"","background-repeat":"repeat","background-position":"center center","background-size":"auto","background-attachment":"scroll","background-type":"","background-media":"","overlay-type":"","overlay-color":"","overlay-opacity":"","overlay-gradient":""},"tablet":{"background-color":"","background-image":"","background-repeat":"repeat","background-position":"center center","background-size":"auto","background-attachment":"scroll","background-type":"","background-media":"","overlay-type":"","overlay-color":"","overlay-opacity":"","overlay-gradient":""},"mobile":{"background-color":"","background-image":"","background-repeat":"repeat","background-position":"center center","background-size":"auto","background-attachment":"scroll","background-type":"","background-media":"","overlay-type":"","overlay-color":"","overlay-opacity":"","overlay-gradient":""}},"ast-content-background-meta":{"desktop":{"background-color":"var(--ast-global-color-4)","background-image":"","background-repeat":"repeat","background-position":"center center","background-size":"auto","background-attachment":"scroll","background-type":"","background-media":"","overlay-type":"","overlay-color":"","overlay-opacity":"","overlay-gradient":""},"tablet":{"background-color":"var(--ast-global-color-4)","background-image":"","background-repeat":"repeat","background-position":"center center","background-size":"auto","background-attachment":"scroll","background-type":"","background-media":"","overlay-type":"","overlay-color":"","overlay-opacity":"","overlay-gradient":""},"mobile":{"background-color":"var(--ast-global-color-4)","background-image":"","background-repeat":"repeat","background-position":"center center","background-size":"auto","background-attachment":"scroll","background-type":"","background-media":"","overlay-type":"","overlay-color":"","overlay-opacity":"","overlay-gradient":""}},"footnotes":""},"class_list":["post-367","page","type-page","status-publish","hentry"],"yoast_head":"<!-- This site is optimized with the Yoast SEO plugin v27.5 - https:\/\/yoast.com\/product\/yoast-seo-wordpress\/ -->\n<title>Praxis -<\/title>\n<meta name=\"robots\" content=\"index, follow, max-snippet:-1, max-image-preview:large, max-video-preview:-1\" \/>\n<link rel=\"canonical\" href=\"http:\/\/ergotherapie-lubmin.de\/?page_id=367\" \/>\n<meta property=\"og:locale\" content=\"de_DE\" \/>\n<meta property=\"og:type\" content=\"article\" \/>\n<meta property=\"og:title\" content=\"Praxis -\" \/>\n<meta property=\"og:description\" content=\"Praxis Eingangsbereich Unsere im Jahr 2009 gegr\u00fcndete Praxis befindet sich im Schawi-Gesundheitszentrum Lubmin, in dem auch Praxen f\u00fcr Allgemeinmedizin, Physiotherapie [&hellip;]\" \/>\n<meta property=\"og:url\" content=\"http:\/\/ergotherapie-lubmin.de\/?page_id=367\" \/>\n<meta property=\"article:modified_time\" content=\"2025-04-29T18:48:54+00:00\" \/>\n<meta name=\"twitter:card\" content=\"summary_large_image\" \/>\n<meta name=\"twitter:label1\" content=\"Gesch\u00e4tzte Lesezeit\" \/>\n\t<meta name=\"twitter:data1\" content=\"5\u00a0Minuten\" \/>\n<script type=\"application\/ld+json\" class=\"yoast-schema-graph\">{\"@context\":\"https:\\\/\\\/schema.org\",\"@graph\":[{\"@type\":\"WebPage\",\"@id\":\"http:\\\/\\\/ergotherapie-lubmin.de\\\/?page_id=367\",\"url\":\"http:\\\/\\\/ergotherapie-lubmin.de\\\/?page_id=367\",\"name\":\"Praxis -\",\"isPartOf\":{\"@id\":\"https:\\\/\\\/ergotherapie-lubmin.de\\\/#website\"},\"datePublished\":\"2025-03-22T14:25:09+00:00\",\"dateModified\":\"2025-04-29T18:48:54+00:00\",\"breadcrumb\":{\"@id\":\"http:\\\/\\\/ergotherapie-lubmin.de\\\/?page_id=367#breadcrumb\"},\"inLanguage\":\"de\",\"potentialAction\":[{\"@type\":\"ReadAction\",\"target\":[\"http:\\\/\\\/ergotherapie-lubmin.de\\\/?page_id=367\"]}]},{\"@type\":\"BreadcrumbList\",\"@id\":\"http:\\\/\\\/ergotherapie-lubmin.de\\\/?page_id=367#breadcrumb\",\"itemListElement\":[{\"@type\":\"ListItem\",\"position\":1,\"name\":\"Startseite\",\"item\":\"https:\\\/\\\/ergotherapie-lubmin.de\\\/\"},{\"@type\":\"ListItem\",\"position\":2,\"name\":\"Praxis\"}]},{\"@type\":\"WebSite\",\"@id\":\"https:\\\/\\\/ergotherapie-lubmin.de\\\/#website\",\"url\":\"https:\\\/\\\/ergotherapie-lubmin.de\\\/\",\"name\":\"\",\"description\":\"\",\"potentialAction\":[{\"@type\":\"SearchAction\",\"target\":{\"@type\":\"EntryPoint\",\"urlTemplate\":\"https:\\\/\\\/ergotherapie-lubmin.de\\\/?s={search_term_string}\"},\"query-input\":{\"@type\":\"PropertyValueSpecification\",\"valueRequired\":true,\"valueName\":\"search_term_string\"}}],\"inLanguage\":\"de\"}]}<\/script>\n<!-- \/ Yoast SEO plugin. -->","yoast_head_json":{"title":"Praxis -","robots":{"index":"index","follow":"follow","max-snippet":"max-snippet:-1","max-image-preview":"max-image-preview:large","max-video-preview":"max-video-preview:-1"},"canonical":"http:\/\/ergotherapie-lubmin.de\/?page_id=367","og_locale":"de_DE","og_type":"article","og_title":"Praxis -","og_description":"Praxis Eingangsbereich Unsere im Jahr 2009 gegr\u00fcndete Praxis befindet sich im Schawi-Gesundheitszentrum Lubmin, in dem auch Praxen f\u00fcr Allgemeinmedizin, Physiotherapie [&hellip;]","og_url":"http:\/\/ergotherapie-lubmin.de\/?page_id=367","article_modified_time":"2025-04-29T18:48:54+00:00","twitter_card":"summary_large_image","twitter_misc":{"Gesch\u00e4tzte Lesezeit":"5\u00a0Minuten"},"schema":{"@context":"https:\/\/schema.org","@graph":[{"@type":"WebPage","@id":"http:\/\/ergotherapie-lubmin.de\/?page_id=367","url":"http:\/\/ergotherapie-lubmin.de\/?page_id=367","name":"Praxis -","isPartOf":{"@id":"https:\/\/ergotherapie-lubmin.de\/#website"},"datePublished":"2025-03-22T14:25:09+00:00","dateModified":"2025-04-29T18:48:54+00:00","breadcrumb":{"@id":"http:\/\/ergotherapie-lubmin.de\/?page_id=367#breadcrumb"},"inLanguage":"de","potentialAction":[{"@type":"ReadAction","target":["http:\/\/ergotherapie-lubmin.de\/?page_id=367"]}]},{"@type":"BreadcrumbList","@id":"http:\/\/ergotherapie-lubmin.de\/?page_id=367#breadcrumb","itemListElement":[{"@type":"ListItem","position":1,"name":"Startseite","item":"https:\/\/ergotherapie-lubmin.de\/"},{"@type":"ListItem","position":2,"name":"Praxis"}]},{"@type":"WebSite","@id":"https:\/\/ergotherapie-lubmin.de\/#website","url":"https:\/\/ergotherapie-lubmin.de\/","name":"","description":"","potentialAction":[{"@type":"SearchAction","target":{"@type":"EntryPoint","urlTemplate":"https:\/\/ergotherapie-lubmin.de\/?s={search_term_string}"},"query-input":{"@type":"PropertyValueSpecification","valueRequired":true,"valueName":"search_term_string"}}],"inLanguage":"de"}]}},"_links":{"self":[{"href":"https:\/\/ergotherapie-lubmin.de\/index.php?rest_route=\/wp\/v2\/pages\/367","targetHints":{"allow":["GET"]}}],"collection":[{"href":"https:\/\/ergotherapie-lubmin.de\/index.php?rest_route=\/wp\/v2\/pages"}],"about":[{"href":"https:\/\/ergotherapie-lubmin.de\/index.php?rest_route=\/wp\/v2\/types\/page"}],"author":[{"embeddable":true,"href":"https:\/\/ergotherapie-lubmin.de\/index.php?rest_route=\/wp\/v2\/users\/1"}],"replies":[{"embeddable":true,"href":"https:\/\/ergotherapie-lubmin.de\/index.php?rest_route=%2Fwp%2Fv2%2Fcomments&post=367"}],"version-history":[{"count":50,"href":"https:\/\/ergotherapie-lubmin.de\/index.php?rest_route=\/wp\/v2\/pages\/367\/revisions"}],"predecessor-version":[{"id":536,"href":"https:\/\/ergotherapie-lubmin.de\/index.php?rest_route=\/wp\/v2\/pages\/367\/revisions\/536"}],"wp:attachment":[{"href":"https:\/\/ergotherapie-lubmin.de\/index.php?rest_route=%2Fwp%2Fv2%2Fmedia&parent=367"}],"curies":[{"name":"wp","href":"https:\/\/api.w.org\/{rel}","templated":true}]}}