{"id":11,"date":"2025-01-25T14:09:04","date_gmt":"2025-01-25T14:09:04","guid":{"rendered":"https:\/\/ergotherapie-lubmin.de\/?page_id=11"},"modified":"2025-04-01T12:33:47","modified_gmt":"2025-04-01T12:33:47","slug":"startseite","status":"publish","type":"page","link":"https:\/\/ergotherapie-lubmin.de\/","title":{"rendered":"Startseite"},"content":{"rendered":"\n\n\t<strong>Praxis f\u00fcr Ergotherapie<\/strong><br \/>\n<strong>Danyela Feltig<\/strong>\n\t<p><strong><a href=\"https:\/\/ergotherapie-lubmin.de\/?page_id=96\">WIR<\/a><a href=\"https:\/\/ergotherapie-lubmin.de\/?page_id=96\"> SUCHEN VERST\u00c4RKUNG<\/a><\/strong><\/p>\n\t\t\t\t<a href=\"https:\/\/ergotherapie-lubmin.de\/wp-content\/uploads\/2025\/03\/WhatsApp-Image-2025-02-23-at-16.21.11.jpeg\"  target=\"_self\" itemprop=\"url\">\n\t\t\t\t<img loading=\"lazy\" decoding=\"async\" src=\"https:\/\/ergotherapie-lubmin.de\/wp-content\/uploads\/2025\/03\/WhatsApp-Image-2025-02-23-at-16.21.11-1024x768.jpeg\" alt=\"WhatsApp Image 2025-02-23 at 16.21.11\" itemprop=\"image\" height=\"768\" width=\"1024\" title=\"WhatsApp Image 2025-02-23 at 16.21.11\" onerror=\"this.style.display='none'\"  \/>\n\t\t\t\t<\/a>\n\t<em>&#8222;Als Ergotherapeuten sind wir G\u00e4ste im Leben Anderer und begleiten<\/em><br \/>\n<em>diese soweit, wie wir dazu eingeladen werden.&#8220;<\/em>\n( M. Schiewack)\n\n","protected":false},"excerpt":{"rendered":"<p>Praxis f\u00fcr Ergotherapie Danyela Feltig WIR SUCHEN VERST\u00c4RKUNG &#8222;Als Ergotherapeuten sind wir G\u00e4ste im Leben Anderer und begleiten diese soweit, [&hellip;]<\/p>\n","protected":false},"author":1,"featured_media":0,"parent":0,"menu_order":1,"comment_status":"closed","ping_status":"closed","template":"","meta":{"site-sidebar-layout":"default","site-content-layout":"","ast-site-content-layout":"","site-content-style":"default","site-sidebar-style":"default","ast-global-header-display":"","ast-banner-title-visibility":"","ast-main-header-display":"","ast-hfb-above-header-display":"","ast-hfb-below-header-display":"","ast-hfb-mobile-header-display":"","site-post-title":"disabled","ast-breadcrumbs-content":"","ast-featured-img":"","footer-sml-layout":"","theme-transparent-header-meta":"","adv-header-id-meta":"","stick-header-meta":"","header-above-stick-meta":"","header-main-stick-meta":"","header-below-stick-meta":"","astra-migrate-meta-layouts":"default","ast-page-background-enabled":"default","ast-page-background-meta":{"desktop":{"background-color":"var(--ast-global-color-5)","background-image":"","background-repeat":"repeat","background-position":"center center","background-size":"auto","background-attachment":"scroll","background-type":"","background-media":"","overlay-type":"","overlay-color":"","overlay-opacity":"","overlay-gradient":""},"tablet":{"background-color":"","background-image":"","background-repeat":"repeat","background-position":"center center","background-size":"auto","background-attachment":"scroll","background-type":"","background-media":"","overlay-type":"","overlay-color":"","overlay-opacity":"","overlay-gradient":""},"mobile":{"background-color":"","background-image":"","background-repeat":"repeat","background-position":"center center","background-size":"auto","background-attachment":"scroll","background-type":"","background-media":"","overlay-type":"","overlay-color":"","overlay-opacity":"","overlay-gradient":""}},"ast-content-background-meta":{"desktop":{"background-color":"var(--ast-global-color-4)","background-image":"","background-repeat":"repeat","background-position":"center center","background-size":"auto","background-attachment":"scroll","background-type":"","background-media":"","overlay-type":"","overlay-color":"","overlay-opacity":"","overlay-gradient":""},"tablet":{"background-color":"var(--ast-global-color-4)","background-image":"","background-repeat":"repeat","background-position":"center center","background-size":"auto","background-attachment":"scroll","background-type":"","background-media":"","overlay-type":"","overlay-color":"","overlay-opacity":"","overlay-gradient":""},"mobile":{"background-color":"var(--ast-global-color-4)","background-image":"","background-repeat":"repeat","background-position":"center center","background-size":"auto","background-attachment":"scroll","background-type":"","background-media":"","overlay-type":"","overlay-color":"","overlay-opacity":"","overlay-gradient":""}},"footnotes":""},"class_list":["post-11","page","type-page","status-publish","hentry"],"yoast_head":"<!-- This site is optimized with the Yoast SEO plugin v27.5 - https:\/\/yoast.com\/product\/yoast-seo-wordpress\/ -->\n<title>Startseite -<\/title>\n<meta name=\"robots\" content=\"index, follow, max-snippet:-1, max-image-preview:large, max-video-preview:-1\" \/>\n<link rel=\"canonical\" href=\"https:\/\/ergotherapie-lubmin.de\/\" \/>\n<meta property=\"og:locale\" content=\"de_DE\" \/>\n<meta property=\"og:type\" content=\"article\" \/>\n<meta property=\"og:title\" content=\"Startseite -\" \/>\n<meta property=\"og:description\" content=\"Praxis f\u00fcr Ergotherapie Danyela Feltig WIR SUCHEN VERST\u00c4RKUNG &#8222;Als Ergotherapeuten sind wir G\u00e4ste im Leben Anderer und begleiten diese soweit, [&hellip;]\" \/>\n<meta property=\"og:url\" content=\"https:\/\/ergotherapie-lubmin.de\/\" \/>\n<meta property=\"article:modified_time\" content=\"2025-04-01T12:33:47+00:00\" \/>\n<meta property=\"og:image\" content=\"https:\/\/ergotherapie-lubmin.de\/wp-content\/uploads\/2025\/03\/WhatsApp-Image-2025-02-23-at-16.21.11-1024x768.jpeg\" \/>\n<meta name=\"twitter:card\" content=\"summary_large_image\" \/>\n<meta name=\"twitter:label1\" content=\"Gesch\u00e4tzte Lesezeit\" \/>\n\t<meta name=\"twitter:data1\" content=\"1\u00a0Minute\" \/>\n<script type=\"application\/ld+json\" class=\"yoast-schema-graph\">{\"@context\":\"https:\\\/\\\/schema.org\",\"@graph\":[{\"@type\":\"WebPage\",\"@id\":\"https:\\\/\\\/ergotherapie-lubmin.de\\\/\",\"url\":\"https:\\\/\\\/ergotherapie-lubmin.de\\\/\",\"name\":\"Startseite -\",\"isPartOf\":{\"@id\":\"https:\\\/\\\/ergotherapie-lubmin.de\\\/#website\"},\"primaryImageOfPage\":{\"@id\":\"https:\\\/\\\/ergotherapie-lubmin.de\\\/#primaryimage\"},\"image\":{\"@id\":\"https:\\\/\\\/ergotherapie-lubmin.de\\\/#primaryimage\"},\"thumbnailUrl\":\"https:\\\/\\\/ergotherapie-lubmin.de\\\/wp-content\\\/uploads\\\/2025\\\/03\\\/WhatsApp-Image-2025-02-23-at-16.21.11-1024x768.jpeg\",\"datePublished\":\"2025-01-25T14:09:04+00:00\",\"dateModified\":\"2025-04-01T12:33:47+00:00\",\"breadcrumb\":{\"@id\":\"https:\\\/\\\/ergotherapie-lubmin.de\\\/#breadcrumb\"},\"inLanguage\":\"de\",\"potentialAction\":[{\"@type\":\"ReadAction\",\"target\":[\"https:\\\/\\\/ergotherapie-lubmin.de\\\/\"]}]},{\"@type\":\"ImageObject\",\"inLanguage\":\"de\",\"@id\":\"https:\\\/\\\/ergotherapie-lubmin.de\\\/#primaryimage\",\"url\":\"https:\\\/\\\/ergotherapie-lubmin.de\\\/wp-content\\\/uploads\\\/2025\\\/03\\\/WhatsApp-Image-2025-02-23-at-16.21.11-1024x768.jpeg\",\"contentUrl\":\"https:\\\/\\\/ergotherapie-lubmin.de\\\/wp-content\\\/uploads\\\/2025\\\/03\\\/WhatsApp-Image-2025-02-23-at-16.21.11-1024x768.jpeg\"},{\"@type\":\"BreadcrumbList\",\"@id\":\"https:\\\/\\\/ergotherapie-lubmin.de\\\/#breadcrumb\",\"itemListElement\":[{\"@type\":\"ListItem\",\"position\":1,\"name\":\"Startseite\",\"item\":\"https:\\\/\\\/ergotherapie-lubmin.de\\\/\"},{\"@type\":\"ListItem\",\"position\":2,\"name\":\"Startseite\"}]},{\"@type\":\"WebSite\",\"@id\":\"https:\\\/\\\/ergotherapie-lubmin.de\\\/#website\",\"url\":\"https:\\\/\\\/ergotherapie-lubmin.de\\\/\",\"name\":\"\",\"description\":\"\",\"potentialAction\":[{\"@type\":\"SearchAction\",\"target\":{\"@type\":\"EntryPoint\",\"urlTemplate\":\"https:\\\/\\\/ergotherapie-lubmin.de\\\/?s={search_term_string}\"},\"query-input\":{\"@type\":\"PropertyValueSpecification\",\"valueRequired\":true,\"valueName\":\"search_term_string\"}}],\"inLanguage\":\"de\"}]}<\/script>\n<!-- \/ Yoast SEO plugin. -->","yoast_head_json":{"title":"Startseite -","robots":{"index":"index","follow":"follow","max-snippet":"max-snippet:-1","max-image-preview":"max-image-preview:large","max-video-preview":"max-video-preview:-1"},"canonical":"https:\/\/ergotherapie-lubmin.de\/","og_locale":"de_DE","og_type":"article","og_title":"Startseite -","og_description":"Praxis f\u00fcr Ergotherapie Danyela Feltig WIR SUCHEN VERST\u00c4RKUNG &#8222;Als Ergotherapeuten sind wir G\u00e4ste im Leben Anderer und begleiten diese soweit, [&hellip;]","og_url":"https:\/\/ergotherapie-lubmin.de\/","article_modified_time":"2025-04-01T12:33:47+00:00","og_image":[{"url":"https:\/\/ergotherapie-lubmin.de\/wp-content\/uploads\/2025\/03\/WhatsApp-Image-2025-02-23-at-16.21.11-1024x768.jpeg","type":"","width":"","height":""}],"twitter_card":"summary_large_image","twitter_misc":{"Gesch\u00e4tzte Lesezeit":"1\u00a0Minute"},"schema":{"@context":"https:\/\/schema.org","@graph":[{"@type":"WebPage","@id":"https:\/\/ergotherapie-lubmin.de\/","url":"https:\/\/ergotherapie-lubmin.de\/","name":"Startseite -","isPartOf":{"@id":"https:\/\/ergotherapie-lubmin.de\/#website"},"primaryImageOfPage":{"@id":"https:\/\/ergotherapie-lubmin.de\/#primaryimage"},"image":{"@id":"https:\/\/ergotherapie-lubmin.de\/#primaryimage"},"thumbnailUrl":"https:\/\/ergotherapie-lubmin.de\/wp-content\/uploads\/2025\/03\/WhatsApp-Image-2025-02-23-at-16.21.11-1024x768.jpeg","datePublished":"2025-01-25T14:09:04+00:00","dateModified":"2025-04-01T12:33:47+00:00","breadcrumb":{"@id":"https:\/\/ergotherapie-lubmin.de\/#breadcrumb"},"inLanguage":"de","potentialAction":[{"@type":"ReadAction","target":["https:\/\/ergotherapie-lubmin.de\/"]}]},{"@type":"ImageObject","inLanguage":"de","@id":"https:\/\/ergotherapie-lubmin.de\/#primaryimage","url":"https:\/\/ergotherapie-lubmin.de\/wp-content\/uploads\/2025\/03\/WhatsApp-Image-2025-02-23-at-16.21.11-1024x768.jpeg","contentUrl":"https:\/\/ergotherapie-lubmin.de\/wp-content\/uploads\/2025\/03\/WhatsApp-Image-2025-02-23-at-16.21.11-1024x768.jpeg"},{"@type":"BreadcrumbList","@id":"https:\/\/ergotherapie-lubmin.de\/#breadcrumb","itemListElement":[{"@type":"ListItem","position":1,"name":"Startseite","item":"https:\/\/ergotherapie-lubmin.de\/"},{"@type":"ListItem","position":2,"name":"Startseite"}]},{"@type":"WebSite","@id":"https:\/\/ergotherapie-lubmin.de\/#website","url":"https:\/\/ergotherapie-lubmin.de\/","name":"","description":"","potentialAction":[{"@type":"SearchAction","target":{"@type":"EntryPoint","urlTemplate":"https:\/\/ergotherapie-lubmin.de\/?s={search_term_string}"},"query-input":{"@type":"PropertyValueSpecification","valueRequired":true,"valueName":"search_term_string"}}],"inLanguage":"de"}]}},"_links":{"self":[{"href":"https:\/\/ergotherapie-lubmin.de\/index.php?rest_route=\/wp\/v2\/pages\/11","targetHints":{"allow":["GET"]}}],"collection":[{"href":"https:\/\/ergotherapie-lubmin.de\/index.php?rest_route=\/wp\/v2\/pages"}],"about":[{"href":"https:\/\/ergotherapie-lubmin.de\/index.php?rest_route=\/wp\/v2\/types\/page"}],"author":[{"embeddable":true,"href":"https:\/\/ergotherapie-lubmin.de\/index.php?rest_route=\/wp\/v2\/users\/1"}],"replies":[{"embeddable":true,"href":"https:\/\/ergotherapie-lubmin.de\/index.php?rest_route=%2Fwp%2Fv2%2Fcomments&post=11"}],"version-history":[{"count":21,"href":"https:\/\/ergotherapie-lubmin.de\/index.php?rest_route=\/wp\/v2\/pages\/11\/revisions"}],"predecessor-version":[{"id":471,"href":"https:\/\/ergotherapie-lubmin.de\/index.php?rest_route=\/wp\/v2\/pages\/11\/revisions\/471"}],"wp:attachment":[{"href":"https:\/\/ergotherapie-lubmin.de\/index.php?rest_route=%2Fwp%2Fv2%2Fmedia&parent=11"}],"curies":[{"name":"wp","href":"https:\/\/api.w.org\/{rel}","templated":true}]}}